{"id":4563,"date":"2023-05-06T15:44:19","date_gmt":"2023-05-06T15:44:19","guid":{"rendered":"https:\/\/www.artculania.com\/site\/?post_type=product&#038;p=4563"},"modified":"2025-08-15T13:19:43","modified_gmt":"2025-08-15T13:19:43","slug":"ecobag-padrao-lisa","status":"publish","type":"product","link":"https:\/\/www.artculania.com\/site\/produto\/ecobag-padrao-lisa\/","title":{"rendered":"Ecobag Padr\u00e3o Lisa"},"content":{"rendered":"<p>Ecobag 100% algod\u00e3o cru<\/p>\n<p>Dimes\u00f5es 35x30Cm<\/p>\n<p>Al\u00e7as 100% Algod\u00e3o cru de 70 cm<\/p>\n","protected":false},"excerpt":{"rendered":"<p>Ecobag 100% algod\u00e3o cru Dimes\u00f5es 35x30Cm Al\u00e7as 100% Algod\u00e3o cru de 70 cm<\/p>\n","protected":false},"featured_media":3932,"template":"","meta":[],"product_brand":[],"product_cat":[94],"product_tag":[120,93],"class_list":{"0":"post-4563","1":"product","2":"type-product","3":"status-publish","4":"has-post-thumbnail","6":"product_cat-artc","7":"product_tag-artc","8":"product_tag-ecobag","10":"first","11":"instock","12":"taxable","13":"shipping-taxable","14":"purchasable","15":"product-type-variable","16":"has-default-attributes"},"yoast_head":"<!-- This site is optimized with the Yoast SEO plugin v27.2 - https:\/\/yoast.com\/product\/yoast-seo-wordpress\/ -->\n<title>Ecobag Padr\u00e3o Lisa - ARTCULANIA<\/title>\n<meta name=\"robots\" content=\"index, follow, max-snippet:-1, max-image-preview:large, max-video-preview:-1\" \/>\n<link rel=\"canonical\" href=\"https:\/\/www.artculania.com\/site\/produto\/ecobag-padrao-lisa\/\" \/>\n<meta property=\"og:locale\" content=\"pt_BR\" \/>\n<meta property=\"og:type\" content=\"article\" \/>\n<meta property=\"og:title\" content=\"Ecobag Padr\u00e3o Lisa - ARTCULANIA\" \/>\n<meta property=\"og:description\" content=\"Ecobag 100% algod\u00e3o cru Dimes\u00f5es 35x30Cm Al\u00e7as 100% Algod\u00e3o cru de 70 cm\" \/>\n<meta property=\"og:url\" content=\"https:\/\/www.artculania.com\/site\/produto\/ecobag-padrao-lisa\/\" \/>\n<meta property=\"og:site_name\" content=\"ARTCULANIA\" \/>\n<meta property=\"article:modified_time\" content=\"2025-08-15T13:19:43+00:00\" \/>\n<meta property=\"og:image\" content=\"https:\/\/www.artculania.com\/site\/wp-content\/uploads\/2020\/09\/frontal-bag-cru.jpg\" \/>\n\t<meta property=\"og:image:width\" content=\"1500\" \/>\n\t<meta property=\"og:image:height\" content=\"1500\" \/>\n\t<meta property=\"og:image:type\" content=\"image\/jpeg\" \/>\n<meta name=\"twitter:card\" content=\"summary_large_image\" \/>\n<meta name=\"twitter:label1\" content=\"Est. tempo de leitura\" \/>\n\t<meta name=\"twitter:data1\" content=\"1 minuto\" \/>\n<script type=\"application\/ld+json\" class=\"yoast-schema-graph\">{\"@context\":\"https:\/\/schema.org\",\"@graph\":[{\"@type\":\"WebPage\",\"@id\":\"https:\/\/www.artculania.com\/site\/produto\/ecobag-padrao-lisa\/\",\"url\":\"https:\/\/www.artculania.com\/site\/produto\/ecobag-padrao-lisa\/\",\"name\":\"Ecobag Padr\u00e3o Lisa - ARTCULANIA\",\"isPartOf\":{\"@id\":\"https:\/\/www.artculania.com\/site\/#website\"},\"primaryImageOfPage\":{\"@id\":\"https:\/\/www.artculania.com\/site\/produto\/ecobag-padrao-lisa\/#primaryimage\"},\"image\":{\"@id\":\"https:\/\/www.artculania.com\/site\/produto\/ecobag-padrao-lisa\/#primaryimage\"},\"thumbnailUrl\":\"https:\/\/www.artculania.com\/site\/wp-content\/uploads\/2020\/09\/frontal-bag-cru.jpg\",\"datePublished\":\"2023-05-06T15:44:19+00:00\",\"dateModified\":\"2025-08-15T13:19:43+00:00\",\"breadcrumb\":{\"@id\":\"https:\/\/www.artculania.com\/site\/produto\/ecobag-padrao-lisa\/#breadcrumb\"},\"inLanguage\":\"pt-BR\",\"potentialAction\":[{\"@type\":\"ReadAction\",\"target\":[\"https:\/\/www.artculania.com\/site\/produto\/ecobag-padrao-lisa\/\"]}]},{\"@type\":\"ImageObject\",\"inLanguage\":\"pt-BR\",\"@id\":\"https:\/\/www.artculania.com\/site\/produto\/ecobag-padrao-lisa\/#primaryimage\",\"url\":\"https:\/\/www.artculania.com\/site\/wp-content\/uploads\/2020\/09\/frontal-bag-cru.jpg\",\"contentUrl\":\"https:\/\/www.artculania.com\/site\/wp-content\/uploads\/2020\/09\/frontal-bag-cru.jpg\",\"width\":1500,\"height\":1500},{\"@type\":\"BreadcrumbList\",\"@id\":\"https:\/\/www.artculania.com\/site\/produto\/ecobag-padrao-lisa\/#breadcrumb\",\"itemListElement\":[{\"@type\":\"ListItem\",\"position\":1,\"name\":\"In\u00edcio\",\"item\":\"https:\/\/www.artculania.com\/site\/\"},{\"@type\":\"ListItem\",\"position\":2,\"name\":\"Loja\",\"item\":\"https:\/\/www.artculania.com\/site\/loja\/\"},{\"@type\":\"ListItem\",\"position\":3,\"name\":\"Ecobag Padr\u00e3o Lisa\"}]},{\"@type\":\"WebSite\",\"@id\":\"https:\/\/www.artculania.com\/site\/#website\",\"url\":\"https:\/\/www.artculania.com\/site\/\",\"name\":\"ARTCULANIA\",\"description\":\"ESTAMPARIA ARTESANAL\",\"publisher\":{\"@id\":\"https:\/\/www.artculania.com\/site\/#organization\"},\"potentialAction\":[{\"@type\":\"SearchAction\",\"target\":{\"@type\":\"EntryPoint\",\"urlTemplate\":\"https:\/\/www.artculania.com\/site\/?s={search_term_string}\"},\"query-input\":{\"@type\":\"PropertyValueSpecification\",\"valueRequired\":true,\"valueName\":\"search_term_string\"}}],\"inLanguage\":\"pt-BR\"},{\"@type\":\"Organization\",\"@id\":\"https:\/\/www.artculania.com\/site\/#organization\",\"name\":\"ARTCULANIA\",\"url\":\"https:\/\/www.artculania.com\/site\/\",\"logo\":{\"@type\":\"ImageObject\",\"inLanguage\":\"pt-BR\",\"@id\":\"https:\/\/www.artculania.com\/site\/#\/schema\/logo\/image\/\",\"url\":\"https:\/\/www.artculania.com\/site\/wp-content\/uploads\/2020\/10\/cropped-logoslogan.png\",\"contentUrl\":\"https:\/\/www.artculania.com\/site\/wp-content\/uploads\/2020\/10\/cropped-logoslogan.png\",\"width\":3080,\"height\":770,\"caption\":\"ARTCULANIA\"},\"image\":{\"@id\":\"https:\/\/www.artculania.com\/site\/#\/schema\/logo\/image\/\"},\"sameAs\":[\"https:\/\/www.instagram.com\/artculania\/\"]}]}<\/script>\n<!-- \/ Yoast SEO plugin. -->","yoast_head_json":{"title":"Ecobag Padr\u00e3o Lisa - ARTCULANIA","robots":{"index":"index","follow":"follow","max-snippet":"max-snippet:-1","max-image-preview":"max-image-preview:large","max-video-preview":"max-video-preview:-1"},"canonical":"https:\/\/www.artculania.com\/site\/produto\/ecobag-padrao-lisa\/","og_locale":"pt_BR","og_type":"article","og_title":"Ecobag Padr\u00e3o Lisa - ARTCULANIA","og_description":"Ecobag 100% algod\u00e3o cru Dimes\u00f5es 35x30Cm Al\u00e7as 100% Algod\u00e3o cru de 70 cm","og_url":"https:\/\/www.artculania.com\/site\/produto\/ecobag-padrao-lisa\/","og_site_name":"ARTCULANIA","article_modified_time":"2025-08-15T13:19:43+00:00","og_image":[{"width":1500,"height":1500,"url":"https:\/\/www.artculania.com\/site\/wp-content\/uploads\/2020\/09\/frontal-bag-cru.jpg","type":"image\/jpeg"}],"twitter_card":"summary_large_image","twitter_misc":{"Est. tempo de leitura":"1 minuto"},"schema":{"@context":"https:\/\/schema.org","@graph":[{"@type":"WebPage","@id":"https:\/\/www.artculania.com\/site\/produto\/ecobag-padrao-lisa\/","url":"https:\/\/www.artculania.com\/site\/produto\/ecobag-padrao-lisa\/","name":"Ecobag Padr\u00e3o Lisa - ARTCULANIA","isPartOf":{"@id":"https:\/\/www.artculania.com\/site\/#website"},"primaryImageOfPage":{"@id":"https:\/\/www.artculania.com\/site\/produto\/ecobag-padrao-lisa\/#primaryimage"},"image":{"@id":"https:\/\/www.artculania.com\/site\/produto\/ecobag-padrao-lisa\/#primaryimage"},"thumbnailUrl":"https:\/\/www.artculania.com\/site\/wp-content\/uploads\/2020\/09\/frontal-bag-cru.jpg","datePublished":"2023-05-06T15:44:19+00:00","dateModified":"2025-08-15T13:19:43+00:00","breadcrumb":{"@id":"https:\/\/www.artculania.com\/site\/produto\/ecobag-padrao-lisa\/#breadcrumb"},"inLanguage":"pt-BR","potentialAction":[{"@type":"ReadAction","target":["https:\/\/www.artculania.com\/site\/produto\/ecobag-padrao-lisa\/"]}]},{"@type":"ImageObject","inLanguage":"pt-BR","@id":"https:\/\/www.artculania.com\/site\/produto\/ecobag-padrao-lisa\/#primaryimage","url":"https:\/\/www.artculania.com\/site\/wp-content\/uploads\/2020\/09\/frontal-bag-cru.jpg","contentUrl":"https:\/\/www.artculania.com\/site\/wp-content\/uploads\/2020\/09\/frontal-bag-cru.jpg","width":1500,"height":1500},{"@type":"BreadcrumbList","@id":"https:\/\/www.artculania.com\/site\/produto\/ecobag-padrao-lisa\/#breadcrumb","itemListElement":[{"@type":"ListItem","position":1,"name":"In\u00edcio","item":"https:\/\/www.artculania.com\/site\/"},{"@type":"ListItem","position":2,"name":"Loja","item":"https:\/\/www.artculania.com\/site\/loja\/"},{"@type":"ListItem","position":3,"name":"Ecobag Padr\u00e3o Lisa"}]},{"@type":"WebSite","@id":"https:\/\/www.artculania.com\/site\/#website","url":"https:\/\/www.artculania.com\/site\/","name":"ARTCULANIA","description":"ESTAMPARIA ARTESANAL","publisher":{"@id":"https:\/\/www.artculania.com\/site\/#organization"},"potentialAction":[{"@type":"SearchAction","target":{"@type":"EntryPoint","urlTemplate":"https:\/\/www.artculania.com\/site\/?s={search_term_string}"},"query-input":{"@type":"PropertyValueSpecification","valueRequired":true,"valueName":"search_term_string"}}],"inLanguage":"pt-BR"},{"@type":"Organization","@id":"https:\/\/www.artculania.com\/site\/#organization","name":"ARTCULANIA","url":"https:\/\/www.artculania.com\/site\/","logo":{"@type":"ImageObject","inLanguage":"pt-BR","@id":"https:\/\/www.artculania.com\/site\/#\/schema\/logo\/image\/","url":"https:\/\/www.artculania.com\/site\/wp-content\/uploads\/2020\/10\/cropped-logoslogan.png","contentUrl":"https:\/\/www.artculania.com\/site\/wp-content\/uploads\/2020\/10\/cropped-logoslogan.png","width":3080,"height":770,"caption":"ARTCULANIA"},"image":{"@id":"https:\/\/www.artculania.com\/site\/#\/schema\/logo\/image\/"},"sameAs":["https:\/\/www.instagram.com\/artculania\/"]}]}},"_links":{"self":[{"href":"https:\/\/www.artculania.com\/site\/wp-json\/wp\/v2\/product\/4563","targetHints":{"allow":["GET"]}}],"collection":[{"href":"https:\/\/www.artculania.com\/site\/wp-json\/wp\/v2\/product"}],"about":[{"href":"https:\/\/www.artculania.com\/site\/wp-json\/wp\/v2\/types\/product"}],"wp:featuredmedia":[{"embeddable":true,"href":"https:\/\/www.artculania.com\/site\/wp-json\/wp\/v2\/media\/3932"}],"wp:attachment":[{"href":"https:\/\/www.artculania.com\/site\/wp-json\/wp\/v2\/media?parent=4563"}],"wp:term":[{"taxonomy":"product_brand","embeddable":true,"href":"https:\/\/www.artculania.com\/site\/wp-json\/wp\/v2\/product_brand?post=4563"},{"taxonomy":"product_cat","embeddable":true,"href":"https:\/\/www.artculania.com\/site\/wp-json\/wp\/v2\/product_cat?post=4563"},{"taxonomy":"product_tag","embeddable":true,"href":"https:\/\/www.artculania.com\/site\/wp-json\/wp\/v2\/product_tag?post=4563"}],"curies":[{"name":"wp","href":"https:\/\/api.w.org\/{rel}","templated":true}]}}